{"id":174,"date":"2025-05-02T17:30:38","date_gmt":"2025-05-02T14:30:38","guid":{"rendered":"http:\/\/ispmuhendislik.com\/?page_id=174"},"modified":"2025-06-04T13:22:12","modified_gmt":"2025-06-04T10:22:12","slug":"isp","status":"publish","type":"page","link":"https:\/\/ispmuhendislik.com\/en\/","title":{"rendered":"ISP"},"content":{"rendered":"<p><strong>ISP  &#8212;&gt;   Ideal Solution Partner<\/strong>   (+30 years of expertise, hundreds of millions of dollars worth of application projects in 11 countries, huge archive, very broad industry network...)<\/p>\n\n\n\n<div class=\"wp-block-columns is-layout-flex wp-container-core-columns-is-layout-28f84493 wp-block-columns-is-layout-flex\">\n<div class=\"wp-block-column is-layout-flow wp-block-column-is-layout-flow\" style=\"flex-basis:100%\">\n<div class=\"wp-block-group alignfull is-layout-constrained wp-container-core-group-is-layout-23b1a4dc wp-block-group-is-layout-constrained\" style=\"padding-top:var(--wp--preset--spacing--30);padding-right:var(--wp--preset--spacing--30);padding-bottom:var(--wp--preset--spacing--30);padding-left:var(--wp--preset--spacing--30)\">\n<div class=\"wp-block-columns is-layout-flex wp-container-core-columns-is-layout-28f84493 wp-block-columns-is-layout-flex\">\n<div class=\"wp-block-column is-layout-flow wp-block-column-is-layout-flow\">\n<div class=\"wp-block-group is-vertical is-layout-flex wp-container-core-group-is-layout-fe9cc265 wp-block-group-is-layout-flex\">\n<p><strong>Why ISP?<\/strong><\/p>\n\n\n\n<p>Because there is real experience and know-how behind the ISP. <\/p>\n\n\n\n<p>Not only the experience brought by age in terms of years spent in the sector, but also the design - purchase - installation and management of Turkey's \/ Europe's largest factories, the highest capacity production facilities...<\/p>\n\n\n\n<div class=\"wp-block-buttons is-layout-flex wp-block-buttons-is-layout-flex\">\n<div class=\"wp-block-button\"><a class=\"wp-block-button__link has-ast-global-color-3-background-color has-background wp-element-button\" href=\"https:\/\/ispmuhendislik.com\/en\/hakkimizda\/\">About Us  -&gt;<\/a><\/div>\n<\/div>\n<\/div>\n<\/div>\n\n\n\n<div class=\"wp-block-column is-layout-flow wp-block-column-is-layout-flow\">\n<p><strong>Together...<\/strong><\/p>\n\n\n\n<p>Just tell us what you want and let's build and realise your dream together.<\/p>\n\n\n\n<p>The most accurate, highest quality project and result guarantee within the budget and time frame.<\/p>\n\n\n\n<p>Plant \/ Production Line \/ Machinery...<\/p>\n\n\n\n<p>Organisational structure of the plant...<\/p>\n\n\n\n<p>Management Support...<\/p>\n\n\n\n<div class=\"wp-block-buttons is-layout-flex wp-block-buttons-is-layout-flex\">\n<div class=\"wp-block-button\"><a class=\"wp-block-button__link has-ast-global-color-3-background-color has-background wp-element-button\" href=\"https:\/\/ispmuhendislik.com\/en\/muhendislik-hizmetleri\/\">Engineering Support  -&gt;<\/a><\/div>\n<\/div>\n\n\n\n<p>The aim is not to provide ideas, but to design and implement a complete solution...<\/p>\n\n\n\n<div class=\"wp-block-buttons is-layout-flex wp-block-buttons-is-layout-flex\">\n<div class=\"wp-block-button\"><a class=\"wp-block-button__link has-ast-global-color-3-background-color has-background wp-element-button\" href=\"https:\/\/ispmuhendislik.com\/en\/yonetim-danismanligi\/\">Consultancy -&gt;<\/a><\/div>\n<\/div>\n<\/div>\n\n\n\n<div class=\"wp-block-column is-layout-flow wp-block-column-is-layout-flow\">\n<p><strong>Let's add value to your value!<\/strong><\/p>\n\n\n\n<p>Optimum design, correct brand and model selection, professional touches on critical points and unique project management where every penny will find value exponentially will be offered. <\/p>\n\n\n\n<p>Guaranteed, short payback investments that will enable you to reach your goals quickly with used systems that can be activated immediately...<\/p>\n\n\n\n<div class=\"wp-block-buttons is-layout-flex wp-block-buttons-is-layout-flex\">\n<div class=\"wp-block-button\"><a class=\"wp-block-button__link has-ast-global-color-3-background-color has-background wp-element-button\" href=\"https:\/\/ispmuhendislik.com\/en\/kullanilmis-tesis-makine\/\">Used Machinery  -&gt;<\/a><\/div>\n<\/div>\n\n\n\n<p><strong>While the ISP adds value to you, it saves you tens of times its own cost!<\/strong><\/p>\n\n\n\n<figure class=\"wp-block-image size-full\"><img fetchpriority=\"high\" decoding=\"async\" width=\"1024\" height=\"1024\" src=\"https:\/\/ispmuhendislik.com\/wp-content\/uploads\/2025\/05\/food-consulting.jpeg\" alt=\"\" class=\"wp-image-381\" srcset=\"https:\/\/ispmuhendislik.com\/wp-content\/uploads\/2025\/05\/food-consulting.jpeg 1024w, https:\/\/ispmuhendislik.com\/wp-content\/uploads\/2025\/05\/food-consulting-300x300.jpeg 300w, https:\/\/ispmuhendislik.com\/wp-content\/uploads\/2025\/05\/food-consulting-150x150.jpeg 150w, https:\/\/ispmuhendislik.com\/wp-content\/uploads\/2025\/05\/food-consulting-768x768.jpeg 768w, https:\/\/ispmuhendislik.com\/wp-content\/uploads\/2025\/05\/food-consulting-12x12.jpeg 12w\" sizes=\"(max-width: 1024px) 100vw, 1024px\" \/><\/figure>\n<\/div>\n<\/div>\n<\/div>\n<\/div>\n<\/div>","protected":false},"excerpt":{"rendered":"<p>ISP &#8212;&gt; Ideal Solution Partner (+30 y\u0131ll\u0131k bilgi birikimi, 11 \u00fclkede y\u00fcz milyonlarca dolarl\u0131k projeler, dev ar\u015fiv, \u00e7ok geni\u015f sekt\u00f6rel [&hellip;]<\/p>","protected":false},"author":1,"featured_media":0,"parent":0,"menu_order":0,"comment_status":"closed","ping_status":"closed","template":"","meta":{"site-sidebar-layout":"default","site-content-layout":"","ast-site-content-layout":"","site-content-style":"default","site-sidebar-style":"default","ast-global-header-display":"","ast-banner-title-visibility":"","ast-main-header-display":"","ast-hfb-above-header-display":"","ast-hfb-below-header-display":"","ast-hfb-mobile-header-display":"","site-post-title":"disabled","ast-breadcrumbs-content":"","ast-featured-img":"","footer-sml-layout":"","theme-transparent-header-meta":"","adv-header-id-meta":"","stick-header-meta":"","header-above-stick-meta":"","header-main-stick-meta":"","header-below-stick-meta":"","astra-migrate-meta-layouts":"default","ast-page-background-enabled":"default","ast-page-background-meta":{"desktop":{"background-color":"var(--ast-global-color-5)","background-image":"","background-repeat":"repeat","background-position":"center center","background-size":"auto","background-attachment":"scroll","background-type":"","background-media":"","overlay-type":"","overlay-color":"","overlay-opacity":"","overlay-gradient":""},"tablet":{"background-color":"","background-image":"","background-repeat":"repeat","background-position":"center center","background-size":"auto","background-attachment":"scroll","background-type":"","background-media":"","overlay-type":"","overlay-color":"","overlay-opacity":"","overlay-gradient":""},"mobile":{"background-color":"","background-image":"","background-repeat":"repeat","background-position":"center center","background-size":"auto","background-attachment":"scroll","background-type":"","background-media":"","overlay-type":"","overlay-color":"","overlay-opacity":"","overlay-gradient":""}},"ast-content-background-meta":{"desktop":{"background-color":"var(--ast-global-color-4)","background-image":"","background-repeat":"repeat","background-position":"center center","background-size":"auto","background-attachment":"scroll","background-type":"","background-media":"","overlay-type":"","overlay-color":"","overlay-opacity":"","overlay-gradient":""},"tablet":{"background-color":"var(--ast-global-color-4)","background-image":"","background-repeat":"repeat","background-position":"center center","background-size":"auto","background-attachment":"scroll","background-type":"","background-media":"","overlay-type":"","overlay-color":"","overlay-opacity":"","overlay-gradient":""},"mobile":{"background-color":"var(--ast-global-color-4)","background-image":"","background-repeat":"repeat","background-position":"center center","background-size":"auto","background-attachment":"scroll","background-type":"","background-media":"","overlay-type":"","overlay-color":"","overlay-opacity":"","overlay-gradient":""}},"footnotes":""},"class_list":["post-174","page","type-page","status-publish","hentry"],"_links":{"self":[{"href":"https:\/\/ispmuhendislik.com\/en\/wp-json\/wp\/v2\/pages\/174","targetHints":{"allow":["GET"]}}],"collection":[{"href":"https:\/\/ispmuhendislik.com\/en\/wp-json\/wp\/v2\/pages"}],"about":[{"href":"https:\/\/ispmuhendislik.com\/en\/wp-json\/wp\/v2\/types\/page"}],"author":[{"embeddable":true,"href":"https:\/\/ispmuhendislik.com\/en\/wp-json\/wp\/v2\/users\/1"}],"replies":[{"embeddable":true,"href":"https:\/\/ispmuhendislik.com\/en\/wp-json\/wp\/v2\/comments?post=174"}],"version-history":[{"count":36,"href":"https:\/\/ispmuhendislik.com\/en\/wp-json\/wp\/v2\/pages\/174\/revisions"}],"predecessor-version":[{"id":410,"href":"https:\/\/ispmuhendislik.com\/en\/wp-json\/wp\/v2\/pages\/174\/revisions\/410"}],"wp:attachment":[{"href":"https:\/\/ispmuhendislik.com\/en\/wp-json\/wp\/v2\/media?parent=174"}],"curies":[{"name":"wp","href":"https:\/\/api.w.org\/{rel}","templated":true}]}}