{"id":19,"date":"2025-04-10T21:41:26","date_gmt":"2025-04-10T21:41:26","guid":{"rendered":"http:\/\/ispmuhendislik.com\/?page_id=19"},"modified":"2025-05-08T15:55:05","modified_gmt":"2025-05-08T12:55:05","slug":"hakkimizda","status":"publish","type":"page","link":"https:\/\/ispmuhendislik.com\/en\/hakkimizda\/","title":{"rendered":"Us"},"content":{"rendered":"<div class=\"inherit-container-width wp-block-group alignfull is-layout-constrained wp-block-group-is-layout-constrained\">\n<p><strong>Would you like to work with a team that has managed over 1.5 billion euro investment and managed thousands of people?<\/strong> <\/p>\n\n\n\n<p class=\"translation-block\">Two partners(<a href=\"http:\/\/linkedin.com\/in\/mehmet-bakkaloglu-51a4a128\" target=\"_self\">@mehmet.bakkaloglu<\/a>, <a href=\"http:\/\/linkedin.com\/in\/sadettin-atilla-a4459b177\" target=\"_self\">@sadettin.atilla<\/a>) who have worked for +30 years in almost all positions related to technical, business management, company management in local and international positions in the largest organisations of the sector, together with the expert team they have formed, offer their knowledge and experience to the sector under the roof of ISP Engineering.<\/p>\n\n\n\n<p>Design and realisation of new production complex from scratch. Everything from a to z from location selection to product launch. <\/p>\n\n\n\n<p class=\"translation-block\">New or guaranteed used production facilities; design, equipment selection, procurement, assembly and <strong>commissioning, product development and production<\/strong> according to product and capacity.<\/p>\n\n\n\n<p>In-plant or inter-plant production line\/machine\/system transport and commissioning. <\/p>\n\n\n\n<p>Revision and modification of existing production facilities to produce new products or increase capacity. <\/p>\n\n\n\n<p>Production line\/machine revisions and recipe improvements to improve product quality. <\/p>\n\n\n\n<p>Developing, defining and implementing new business models to increase efficiency, productivity and quality. <\/p>\n\n\n\n<p>Preparing the business for the future with ERP, Digital Tracking Systems and Automation setups. <\/p>\n\n\n\n<p><strong>Management support for the Board of Directors or directly to the member of the Board of Directors.<\/strong><\/p>\n\n\n\n<div class=\"wp-block-buttons is-layout-flex wp-block-buttons-is-layout-flex\">\n<div class=\"wp-block-button\"><a class=\"wp-block-button__link has-ast-global-color-3-background-color has-background wp-element-button\" href=\"https:\/\/ispmuhendislik.com\/en\/\">ISP - Home Page<\/a><\/div>\n<\/div>\n<\/div>","protected":false},"excerpt":{"rendered":"<p>1,5milyarEuro \u00fcst\u00fc yat\u0131r\u0131m y\u00f6netmi\u015f, binlerce ki\u015fiye y\u00f6neticilik yapm\u0131\u015f bir ekip ile \u00e7al\u0131\u015fmak ister misiniz? Sekt\u00f6r\u00fcn en b\u00fcy\u00fck organizasyonlar\u0131nda lokal ve [&hellip;]<\/p>","protected":false},"author":1,"featured_media":0,"parent":0,"menu_order":0,"comment_status":"closed","ping_status":"closed","template":"","meta":{"site-sidebar-layout":"default","site-content-layout":"","ast-site-content-layout":"","site-content-style":"default","site-sidebar-style":"default","ast-global-header-display":"","ast-banner-title-visibility":"","ast-main-header-display":"","ast-hfb-above-header-display":"","ast-hfb-below-header-display":"","ast-hfb-mobile-header-display":"","site-post-title":"disabled","ast-breadcrumbs-content":"","ast-featured-img":"","footer-sml-layout":"","theme-transparent-header-meta":"","adv-header-id-meta":"","stick-header-meta":"","header-above-stick-meta":"","header-main-stick-meta":"","header-below-stick-meta":"","astra-migrate-meta-layouts":"default","ast-page-background-enabled":"default","ast-page-background-meta":{"desktop":{"background-color":"var(--ast-global-color-5)","background-image":"","background-repeat":"repeat","background-position":"center center","background-size":"auto","background-attachment":"scroll","background-type":"","background-media":"","overlay-type":"","overlay-color":"","overlay-opacity":"","overlay-gradient":""},"tablet":{"background-color":"","background-image":"","background-repeat":"repeat","background-position":"center center","background-size":"auto","background-attachment":"scroll","background-type":"","background-media":"","overlay-type":"","overlay-color":"","overlay-opacity":"","overlay-gradient":""},"mobile":{"background-color":"","background-image":"","background-repeat":"repeat","background-position":"center center","background-size":"auto","background-attachment":"scroll","background-type":"","background-media":"","overlay-type":"","overlay-color":"","overlay-opacity":"","overlay-gradient":""}},"ast-content-background-meta":{"desktop":{"background-color":"var(--ast-global-color-4)","background-image":"","background-repeat":"repeat","background-position":"center center","background-size":"auto","background-attachment":"scroll","background-type":"","background-media":"","overlay-type":"","overlay-color":"","overlay-opacity":"","overlay-gradient":""},"tablet":{"background-color":"var(--ast-global-color-4)","background-image":"","background-repeat":"repeat","background-position":"center center","background-size":"auto","background-attachment":"scroll","background-type":"","background-media":"","overlay-type":"","overlay-color":"","overlay-opacity":"","overlay-gradient":""},"mobile":{"background-color":"var(--ast-global-color-4)","background-image":"","background-repeat":"repeat","background-position":"center center","background-size":"auto","background-attachment":"scroll","background-type":"","background-media":"","overlay-type":"","overlay-color":"","overlay-opacity":"","overlay-gradient":""}},"footnotes":""},"class_list":["post-19","page","type-page","status-publish","hentry"],"_links":{"self":[{"href":"https:\/\/ispmuhendislik.com\/en\/wp-json\/wp\/v2\/pages\/19","targetHints":{"allow":["GET"]}}],"collection":[{"href":"https:\/\/ispmuhendislik.com\/en\/wp-json\/wp\/v2\/pages"}],"about":[{"href":"https:\/\/ispmuhendislik.com\/en\/wp-json\/wp\/v2\/types\/page"}],"author":[{"embeddable":true,"href":"https:\/\/ispmuhendislik.com\/en\/wp-json\/wp\/v2\/users\/1"}],"replies":[{"embeddable":true,"href":"https:\/\/ispmuhendislik.com\/en\/wp-json\/wp\/v2\/comments?post=19"}],"version-history":[{"count":10,"href":"https:\/\/ispmuhendislik.com\/en\/wp-json\/wp\/v2\/pages\/19\/revisions"}],"predecessor-version":[{"id":335,"href":"https:\/\/ispmuhendislik.com\/en\/wp-json\/wp\/v2\/pages\/19\/revisions\/335"}],"wp:attachment":[{"href":"https:\/\/ispmuhendislik.com\/en\/wp-json\/wp\/v2\/media?parent=19"}],"curies":[{"name":"wp","href":"https:\/\/api.w.org\/{rel}","templated":true}]}}